{"id":37,"date":"2025-11-20T23:39:32","date_gmt":"2025-11-20T23:39:32","guid":{"rendered":"https:\/\/coffee-horeca-solutions.com\/?page_id=37"},"modified":"2026-02-20T17:59:13","modified_gmt":"2026-02-20T17:59:13","slug":"spuelen-reinigen","status":"publish","type":"page","link":"https:\/\/coffee-horeca-solutions.com\/de\/losungen\/spuelen-reinigen\/","title":{"rendered":"Sp\u00fclen und Reinigen"},"content":{"rendered":"<div data-elementor-type=\"wp-page\" data-elementor-id=\"37\" class=\"elementor elementor-37\" data-elementor-post-type=\"page\">\n\t\t\t\t<div class=\"elementor-element elementor-element-df96acd e-con-full e-flex e-con e-parent\" data-id=\"df96acd\" data-element_type=\"container\" data-e-type=\"container\" data-settings=\"{&quot;background_background&quot;:&quot;classic&quot;}\">\n\t\t<div class=\"elementor-element elementor-element-755558e e-flex e-con-boxed e-con e-child\" data-id=\"755558e\" data-element_type=\"container\" data-e-type=\"container\">\n\t\t\t\t\t<div class=\"e-con-inner\">\n\t\t\t\t<div class=\"elementor-element elementor-element-1bbf675 elementor-widget elementor-widget-image\" data-id=\"1bbf675\" data-element_type=\"widget\" data-e-type=\"widget\" data-widget_type=\"image.default\">\n\t\t\t\t\t\t\t\t\t\t\t\t\t\t\t<img fetchpriority=\"high\" decoding=\"async\" width=\"1200\" height=\"1200\" src=\"https:\/\/coffee-horeca-solutions.com\/wp-content\/uploads\/2026\/01\/GLS300_detail_inside-jpg_163836.avif\" class=\"attachment-full size-full wp-image-1166\" alt=\"\" srcset=\"https:\/\/coffee-horeca-solutions.com\/wp-content\/uploads\/2026\/01\/GLS300_detail_inside-jpg_163836.avif 1200w, https:\/\/coffee-horeca-solutions.com\/wp-content\/uploads\/2026\/01\/GLS300_detail_inside-jpg_163836-300x300.avif 300w, https:\/\/coffee-horeca-solutions.com\/wp-content\/uploads\/2026\/01\/GLS300_detail_inside-jpg_163836-1024x1024.avif 1024w, https:\/\/coffee-horeca-solutions.com\/wp-content\/uploads\/2026\/01\/GLS300_detail_inside-jpg_163836-150x150.avif 150w, https:\/\/coffee-horeca-solutions.com\/wp-content\/uploads\/2026\/01\/GLS300_detail_inside-jpg_163836-768x768.avif 768w, https:\/\/coffee-horeca-solutions.com\/wp-content\/uploads\/2026\/01\/GLS300_detail_inside-jpg_163836-700x700.avif 700w, https:\/\/coffee-horeca-solutions.com\/wp-content\/uploads\/2026\/01\/GLS300_detail_inside-jpg_163836-600x600.avif 600w, https:\/\/coffee-horeca-solutions.com\/wp-content\/uploads\/2026\/01\/GLS300_detail_inside-jpg_163836-100x100.avif 100w\" sizes=\"(max-width: 1200px) 100vw, 1200px\" \/>\t\t\t\t\t\t\t\t\t\t\t\t\t\t\t<\/div>\n\t\t\t\t\t<\/div>\n\t\t\t\t<\/div>\n\t\t\t\t<\/div>\n\t\t<div class=\"elementor-element elementor-element-adb2474 e-flex e-con-boxed elementor-invisible e-con e-parent\" data-id=\"adb2474\" data-element_type=\"container\" data-e-type=\"container\" data-settings=\"{&quot;animation&quot;:&quot;slideInUp&quot;}\">\n\t\t\t\t\t<div class=\"e-con-inner\">\n\t\t<div class=\"elementor-element elementor-element-5def9d2 e-con-full e-flex e-con e-child\" data-id=\"5def9d2\" data-element_type=\"container\" data-e-type=\"container\" data-settings=\"{&quot;background_background&quot;:&quot;classic&quot;}\">\n\t\t\t\t<div class=\"elementor-element elementor-element-b817bbe text-left elementor-widget elementor-widget-tp-heading-title\" data-id=\"b817bbe\" data-element_type=\"widget\" data-e-type=\"widget\" data-widget_type=\"tp-heading-title.default\">\n\t\t\t\t\t<div class=\"heading heading_style heading_style69e2d52465365 style-1\"  data-tp-gsap-heading-text=\"\" data-tp-gsap-sub-heading-text=\"\"><div class=\"sub-style\" ><div class=\"head-title\" > <h3  class=\"heading-title\"  data-hover=\"MASTER DM-8\">Master DM-8<span class=\"title-s\">  <\/span><\/h3><\/div><div class=\"sub-heading\"><h3 class=\"heading-sub-title\"> Nic trockenes Gold <\/h3><\/div><\/div><\/div>\t\t\t\t<\/div>\n\t\t\t\t<div class=\"elementor-element elementor-element-49ddd32 elementor-widget elementor-widget-tp-adv-text-block\" data-id=\"49ddd32\" data-element_type=\"widget\" data-e-type=\"widget\" data-widget_type=\"tp-adv-text-block.default\">\n\t\t\t\t\t<div class=\"pt-plus-text-block-wrapper\" data-tp-gsap-textblock=\"\" ><div class=\"text_block_parallax\"><div class=\"pt_plus_adv_text_block\" ><div class=\"text-content-block\"><p>Konzentriertes Sp\u00fclmittel\/Trocknungsmittel, speziell formuliert.....<\/p><\/div><\/div><\/div><\/div>\t\t\t\t<\/div>\n\t\t\t\t<div class=\"elementor-element elementor-element-5b03250 elementor-widget elementor-widget-button\" data-id=\"5b03250\" data-element_type=\"widget\" data-e-type=\"widget\" data-widget_type=\"button.default\">\n\t\t\t\t\t\t\t\t\t\t<a class=\"elementor-button elementor-button-link elementor-size-sm\" href=\"https:\/\/coffee-horeca-solutions.com\/de\/produkt\/nic-trockenes-gold\/\">\n\t\t\t\t\t\t<span class=\"elementor-button-content-wrapper\">\n\t\t\t\t\t\t<span class=\"elementor-button-icon\">\n\t\t\t\t<i aria-hidden=\"true\" class=\"arrow_right\"><\/i>\t\t\t<\/span>\n\t\t\t\t\t\t\t\t\t<span class=\"elementor-button-text\">Mehr lesen<\/span>\n\t\t\t\t\t<\/span>\n\t\t\t\t\t<\/a>\n\t\t\t\t\t\t\t\t<\/div>\n\t\t\t\t<\/div>\n\t\t<div class=\"elementor-element elementor-element-b4abbf3 e-con-full e-flex e-con e-child\" data-id=\"b4abbf3\" data-element_type=\"container\" data-e-type=\"container\" data-settings=\"{&quot;background_background&quot;:&quot;classic&quot;}\">\n\t\t\t\t<div class=\"elementor-element elementor-element-f9e54ec text-left elementor-widget elementor-widget-tp-heading-title\" data-id=\"f9e54ec\" data-element_type=\"widget\" data-e-type=\"widget\" data-widget_type=\"tp-heading-title.default\">\n\t\t\t\t\t<div class=\"heading heading_style heading_style69e2d52466118 style-1\"  data-tp-gsap-heading-text=\"\" data-tp-gsap-sub-heading-text=\"\"><div class=\"sub-style\" ><div class=\"head-title\" > <h3  class=\"heading-title\"  data-hover=\"MASTER DM-3\">Master DM-3<span class=\"title-s\">  <\/span><\/h3><\/div><div class=\"sub-heading\"><h3 class=\"heading-sub-title\"> NCD-Silber <\/h3><\/div><\/div><\/div>\t\t\t\t<\/div>\n\t\t\t\t<div class=\"elementor-element elementor-element-ff8c487 elementor-widget elementor-widget-tp-adv-text-block\" data-id=\"ff8c487\" data-element_type=\"widget\" data-e-type=\"widget\" data-widget_type=\"tp-adv-text-block.default\">\n\t\t\t\t\t<div class=\"pt-plus-text-block-wrapper\" data-tp-gsap-textblock=\"\" ><div class=\"text_block_parallax\"><div class=\"pt_plus_adv_text_block\" ><div class=\"text-content-block\"><p>Konzentriertes Sp\u00fclmittel f\u00fcr fl\u00fcssiges Geschirr, geeignet f\u00fcr ............<\/p><\/div><\/div><\/div><\/div>\t\t\t\t<\/div>\n\t\t\t\t<div class=\"elementor-element elementor-element-d28b146 elementor-widget elementor-widget-button\" data-id=\"d28b146\" data-element_type=\"widget\" data-e-type=\"widget\" data-widget_type=\"button.default\">\n\t\t\t\t\t\t\t\t\t\t<a class=\"elementor-button elementor-button-link elementor-size-sm\" href=\"https:\/\/coffee-horeca-solutions.com\/de\/produkt\/ncd-silber\/\">\n\t\t\t\t\t\t<span class=\"elementor-button-content-wrapper\">\n\t\t\t\t\t\t<span class=\"elementor-button-icon\">\n\t\t\t\t<i aria-hidden=\"true\" class=\"arrow_right\"><\/i>\t\t\t<\/span>\n\t\t\t\t\t\t\t\t\t<span class=\"elementor-button-text\">Mehr lesen<\/span>\n\t\t\t\t\t<\/span>\n\t\t\t\t\t<\/a>\n\t\t\t\t\t\t\t\t<\/div>\n\t\t\t\t<\/div>\n\t\t\t\t\t<\/div>\n\t\t\t\t<\/div>\n\t\t\t\t<\/div>","protected":false},"excerpt":{"rendered":"<p>Master DM-8 NIC Dry Gold konzentriert neutrales Klarsp\u00fclmittel\/Trocknungsmittel, speziell formuliert\u2026.. mehr lesen Master DM-3 NCD Silber konzentriertes Sp\u00fclmittel f\u00fcr Fl\u00fcssigkeiten, passend f\u00fcr \u2026\u2026\u2026\u2026 mehr lesen<\/p>","protected":false},"author":1,"featured_media":0,"parent":28,"menu_order":0,"comment_status":"closed","ping_status":"closed","template":"elementor_header_footer","meta":{"footnotes":""},"class_list":["post-37","page","type-page","status-publish","hentry"],"_links":{"self":[{"href":"https:\/\/coffee-horeca-solutions.com\/de\/wp-json\/wp\/v2\/pages\/37","targetHints":{"allow":["GET"]}}],"collection":[{"href":"https:\/\/coffee-horeca-solutions.com\/de\/wp-json\/wp\/v2\/pages"}],"about":[{"href":"https:\/\/coffee-horeca-solutions.com\/de\/wp-json\/wp\/v2\/types\/page"}],"author":[{"embeddable":true,"href":"https:\/\/coffee-horeca-solutions.com\/de\/wp-json\/wp\/v2\/users\/1"}],"replies":[{"embeddable":true,"href":"https:\/\/coffee-horeca-solutions.com\/de\/wp-json\/wp\/v2\/comments?post=37"}],"version-history":[{"count":53,"href":"https:\/\/coffee-horeca-solutions.com\/de\/wp-json\/wp\/v2\/pages\/37\/revisions"}],"predecessor-version":[{"id":1759,"href":"https:\/\/coffee-horeca-solutions.com\/de\/wp-json\/wp\/v2\/pages\/37\/revisions\/1759"}],"up":[{"embeddable":true,"href":"https:\/\/coffee-horeca-solutions.com\/de\/wp-json\/wp\/v2\/pages\/28"}],"wp:attachment":[{"href":"https:\/\/coffee-horeca-solutions.com\/de\/wp-json\/wp\/v2\/media?parent=37"}],"curies":[{"name":"WP","href":"https:\/\/api.w.org\/{rel}","templated":true}]}}