{"id":1215,"date":"2026-01-27T01:58:18","date_gmt":"2026-01-27T01:58:18","guid":{"rendered":"https:\/\/coffee-horeca-solutions.com\/?post_type=product&#038;p=1215"},"modified":"2026-01-27T02:06:59","modified_gmt":"2026-01-27T02:06:59","slug":"ncd-gold","status":"publish","type":"product","link":"https:\/\/coffee-horeca-solutions.com\/de\/produkt\/ncd-gold\/","title":{"rendered":"NCD-Gold"},"content":{"rendered":"<div class=\"product_meta\"><span class=\"posted_in\"><a href=\"#\" rel=\"tag\">Caf\u00e9- und Restaurantreinigung<\/a>,\u00a0<a href=\"#\" rel=\"tag\">Sp\u00fclmittel<\/a>,\u00a0<a href=\"#\" rel=\"tag\">Reinigung des Hotels<\/a><\/span><\/div>\n<div class=\"boxed\">\n<div class=\"accordion_content\">\n<div class=\"accordion_content_inner\">\n<div class=\"shop_attributes\">\n<p>Hochkonzentriertes Geschirrsp\u00fclmittel, kombiniert Mischung von Sequestrierungsmitteln. Geeignet f\u00fcr sehr hartes Wasser. Verhindert Salzablagerungen. Ideal zum Waschen von Gl\u00e4sern.<\/p>\n<\/div>\n<\/div>\n<\/div>\n<\/div>","protected":false},"excerpt":{"rendered":"<div>\n<h5>Master DM-2<\/h5>\n<h5>Dosierung:<\/h5>\n<p>1-4ml\/lt, \u00fcber elektronische Pumpe<\/p>\n<p>Verpackung:<\/p>\n<p>Tank 5LT-7KG, 10LT-12,5KG, 20LT-25KG<\/p>\n<\/div>","protected":false},"featured_media":1221,"comment_status":"open","ping_status":"closed","template":"","meta":[],"product_brand":[],"product_cat":[56],"product_tag":[],"class_list":{"0":"post-1215","1":"product","2":"type-product","3":"status-publish","4":"has-post-thumbnail","6":"product_cat-spulen-und-reinigen","8":"first","9":"instock","10":"shipping-taxable","11":"product-type-simple"},"_links":{"self":[{"href":"https:\/\/coffee-horeca-solutions.com\/de\/wp-json\/wp\/v2\/product\/1215","targetHints":{"allow":["GET"]}}],"collection":[{"href":"https:\/\/coffee-horeca-solutions.com\/de\/wp-json\/wp\/v2\/product"}],"about":[{"href":"https:\/\/coffee-horeca-solutions.com\/de\/wp-json\/wp\/v2\/types\/product"}],"replies":[{"embeddable":true,"href":"https:\/\/coffee-horeca-solutions.com\/de\/wp-json\/wp\/v2\/comments?post=1215"}],"wp:featuredmedia":[{"embeddable":true,"href":"https:\/\/coffee-horeca-solutions.com\/de\/wp-json\/wp\/v2\/media\/1221"}],"wp:attachment":[{"href":"https:\/\/coffee-horeca-solutions.com\/de\/wp-json\/wp\/v2\/media?parent=1215"}],"wp:term":[{"taxonomy":"product_brand","embeddable":true,"href":"https:\/\/coffee-horeca-solutions.com\/de\/wp-json\/wp\/v2\/product_brand?post=1215"},{"taxonomy":"product_cat","embeddable":true,"href":"https:\/\/coffee-horeca-solutions.com\/de\/wp-json\/wp\/v2\/product_cat?post=1215"},{"taxonomy":"product_tag","embeddable":true,"href":"https:\/\/coffee-horeca-solutions.com\/de\/wp-json\/wp\/v2\/product_tag?post=1215"}],"curies":[{"name":"WP","href":"https:\/\/api.w.org\/{rel}","templated":true}]}}