{"id":1219,"date":"2026-01-27T02:05:48","date_gmt":"2026-01-27T02:05:48","guid":{"rendered":"https:\/\/coffee-horeca-solutions.com\/?post_type=product&#038;p=1219"},"modified":"2026-01-27T02:05:48","modified_gmt":"2026-01-27T02:05:48","slug":"nic-trockenes-gold","status":"publish","type":"product","link":"https:\/\/coffee-horeca-solutions.com\/de\/produkt\/nic-trockenes-gold\/","title":{"rendered":"Nic trockenes Gold"},"content":{"rendered":"<p><strong>Reinigung von Caf\u00e9s und Restaurants, Sp\u00fclmittel, Reinigungsmittel f\u00fcr Hoteleinheiten<\/strong><br \/>\nKonzentriertes Sp\u00fclmittel\/Trocknungsmittel, speziell f\u00fcr sehr hartes Wasser formuliert. Polituren und Trocknungsutensilien, sehr schnell. Besonders geeignet f\u00fcr Gl\u00e4ser.<\/p>","protected":false},"excerpt":{"rendered":"<p>Master DM-8<\/p>\n<div>\n<h5>Dosierung:<\/h5>\n<p>0,5-0,8 ml\/lt, \u00fcber elektronische Pumpe<\/p>\n<p>Verpackung:<\/p>\n<\/div>\n<div>\n<p>Tank 5LT, 10LT, 20LT<\/p>\n<\/div>","protected":false},"featured_media":1164,"comment_status":"open","ping_status":"closed","template":"","meta":[],"product_brand":[],"product_cat":[56],"product_tag":[],"class_list":{"0":"post-1219","1":"product","2":"type-product","3":"status-publish","4":"has-post-thumbnail","6":"product_cat-spulen-und-reinigen","8":"first","9":"instock","10":"shipping-taxable","11":"product-type-simple"},"_links":{"self":[{"href":"https:\/\/coffee-horeca-solutions.com\/de\/wp-json\/wp\/v2\/product\/1219","targetHints":{"allow":["GET"]}}],"collection":[{"href":"https:\/\/coffee-horeca-solutions.com\/de\/wp-json\/wp\/v2\/product"}],"about":[{"href":"https:\/\/coffee-horeca-solutions.com\/de\/wp-json\/wp\/v2\/types\/product"}],"replies":[{"embeddable":true,"href":"https:\/\/coffee-horeca-solutions.com\/de\/wp-json\/wp\/v2\/comments?post=1219"}],"wp:featuredmedia":[{"embeddable":true,"href":"https:\/\/coffee-horeca-solutions.com\/de\/wp-json\/wp\/v2\/media\/1164"}],"wp:attachment":[{"href":"https:\/\/coffee-horeca-solutions.com\/de\/wp-json\/wp\/v2\/media?parent=1219"}],"wp:term":[{"taxonomy":"product_brand","embeddable":true,"href":"https:\/\/coffee-horeca-solutions.com\/de\/wp-json\/wp\/v2\/product_brand?post=1219"},{"taxonomy":"product_cat","embeddable":true,"href":"https:\/\/coffee-horeca-solutions.com\/de\/wp-json\/wp\/v2\/product_cat?post=1219"},{"taxonomy":"product_tag","embeddable":true,"href":"https:\/\/coffee-horeca-solutions.com\/de\/wp-json\/wp\/v2\/product_tag?post=1219"}],"curies":[{"name":"WP","href":"https:\/\/api.w.org\/{rel}","templated":true}]}}