{"id":1222,"date":"2026-01-27T02:09:16","date_gmt":"2026-01-27T02:09:16","guid":{"rendered":"https:\/\/coffee-horeca-solutions.com\/?post_type=product&#038;p=1222"},"modified":"2026-01-27T02:09:16","modified_gmt":"2026-01-27T02:09:16","slug":"ncd-silber","status":"publish","type":"product","link":"https:\/\/coffee-horeca-solutions.com\/de\/produkt\/ncd-silber\/","title":{"rendered":"NCD-Silber"},"content":{"rendered":"<p><strong>Sp\u00fclmittel<\/strong><\/p>\n<p>Konzentriertes Sp\u00fclmittel f\u00fcr fl\u00fcssiges Geschirr, geeignet f\u00fcr mittelhartes Wasser. Reich an alkalischen Komponenten. l\u00f6st starke Verschmutzungen.<\/p>","protected":false},"excerpt":{"rendered":"<div>\n<h5>Master DM-3<\/h5>\n<h5>Dosierung:<\/h5>\n<p>1-5ml\/lt, \u00fcber elektronische Pumpe<\/p>\n<p>Verpackung:<\/p>\n<\/div>\n<div>\n<p>Tank 10LT-12,5kg, 20L-23kg<\/p>\n<\/div>","protected":false},"featured_media":1165,"comment_status":"open","ping_status":"closed","template":"","meta":[],"product_brand":[],"product_cat":[56],"product_tag":[],"class_list":{"0":"post-1222","1":"product","2":"type-product","3":"status-publish","4":"has-post-thumbnail","6":"product_cat-spulen-und-reinigen","8":"first","9":"instock","10":"shipping-taxable","11":"product-type-simple"},"_links":{"self":[{"href":"https:\/\/coffee-horeca-solutions.com\/de\/wp-json\/wp\/v2\/product\/1222","targetHints":{"allow":["GET"]}}],"collection":[{"href":"https:\/\/coffee-horeca-solutions.com\/de\/wp-json\/wp\/v2\/product"}],"about":[{"href":"https:\/\/coffee-horeca-solutions.com\/de\/wp-json\/wp\/v2\/types\/product"}],"replies":[{"embeddable":true,"href":"https:\/\/coffee-horeca-solutions.com\/de\/wp-json\/wp\/v2\/comments?post=1222"}],"wp:featuredmedia":[{"embeddable":true,"href":"https:\/\/coffee-horeca-solutions.com\/de\/wp-json\/wp\/v2\/media\/1165"}],"wp:attachment":[{"href":"https:\/\/coffee-horeca-solutions.com\/de\/wp-json\/wp\/v2\/media?parent=1222"}],"wp:term":[{"taxonomy":"product_brand","embeddable":true,"href":"https:\/\/coffee-horeca-solutions.com\/de\/wp-json\/wp\/v2\/product_brand?post=1222"},{"taxonomy":"product_cat","embeddable":true,"href":"https:\/\/coffee-horeca-solutions.com\/de\/wp-json\/wp\/v2\/product_cat?post=1222"},{"taxonomy":"product_tag","embeddable":true,"href":"https:\/\/coffee-horeca-solutions.com\/de\/wp-json\/wp\/v2\/product_tag?post=1222"}],"curies":[{"name":"WP","href":"https:\/\/api.w.org\/{rel}","templated":true}]}}