{"id":1797,"date":"2026-02-25T21:39:38","date_gmt":"2026-02-25T21:39:38","guid":{"rendered":"https:\/\/coffee-horeca-solutions.com\/?post_type=product&#038;p=1797"},"modified":"2026-02-25T21:59:48","modified_gmt":"2026-02-25T21:59:48","slug":"ingwer-shot-vit-c-zink-zitrone-ingwer-honig","status":"publish","type":"product","link":"https:\/\/coffee-horeca-solutions.com\/de\/produkt\/ingwer-shot-vit-c-zink-zitrone-ingwer-honig\/","title":{"rendered":"Ingwer-Schuss - Vit. C &amp; Zink Zitronen-Ingwerhonig"},"content":{"rendered":"<div class=\"grve-element grve-text\">\n<p><strong>Immun-Booster mit erfrischender Zitrone, Ingwer, Honiggeschmack mit Zink (100%*) und Vitamin C (200%*). Effektive Kombination f\u00fcr antioxidative und entz\u00fcndungshemmende Wirkung.<\/strong><\/p>\n<\/div>\n<div class=\"grve-empty-space grve-height-1x\">Physikalischer Schutz:<\/div>\n<div class=\"grve-element grve-tab grve-vertical-tab grve-tab-position-left\">\n<div class=\"grve-tabs-title grve-align-left grve-width-md\">\n<div class=\"grve-tab-title grve-tab-link active grve-icon-position-left\" data-rel=\"#1740406747712-c473e4c3-76ac\">\n<div class=\"grve-tab-title-inner\">\n<pre class=\"grve-title grve-h6\"><span style=\"font-size: 16px;\">Die Kombination aus Zitrone und Ingwer wirkt gegen Entz\u00fcndungen und verbessert die Verdauung und st\u00e4rkt die Abwehrkr\u00e4fte des K\u00f6rpers.<\/span><\/pre>\n<div class=\"grve-element grve-text\">\n<figure class=\"wp-block-table is-style-regular\">\n<table class=\"has-fixed-layout\">\n<thead>\n<tr>\n<th class=\"has-text-align-left\" data-align=\"left\">N\u00e4hrwertdeklaration<\/th>\n<th class=\"has-text-align-left\" data-align=\"left\">100ml<\/th>\n<\/tr>\n<\/thead>\n<tbody>\n<tr>\n<td class=\"has-text-align-left\" data-align=\"left\">Kraft<\/td>\n<td class=\"has-text-align-left\" data-align=\"left\">54kJ \/ 228kcal<\/td>\n<\/tr>\n<tr>\n<td class=\"has-text-align-left\" data-align=\"left\">fett<\/td>\n<td class=\"has-text-align-left\" data-align=\"left\">0,0g<\/td>\n<\/tr>\n<tr>\n<td class=\"has-text-align-left\" data-align=\"left\">davon ges\u00e4ttigt<\/td>\n<td class=\"has-text-align-left\" data-align=\"left\">0,0g<\/td>\n<\/tr>\n<tr>\n<td class=\"has-text-align-left\" data-align=\"left\">Kohlenhydrate<\/td>\n<td class=\"has-text-align-left\" data-align=\"left\">12,6 g<\/td>\n<\/tr>\n<tr>\n<td class=\"has-text-align-left\" data-align=\"left\">davon Sugrars<\/td>\n<td class=\"has-text-align-left\" data-align=\"left\">12,6 g<\/td>\n<\/tr>\n<tr>\n<td class=\"has-text-align-left\" data-align=\"left\">Vitamin C<\/td>\n<td class=\"has-text-align-left\" data-align=\"left\">266 mg\/333%*<\/td>\n<\/tr>\n<tr>\n<td class=\"has-text-align-left\" data-align=\"left\">verzinkt<\/td>\n<td class=\"has-text-align-left\" data-align=\"left\">16mg\/166%*<\/td>\n<\/tr>\n<tr>\n<td class=\"has-text-align-left\" data-align=\"left\">Proteine<\/td>\n<td class=\"has-text-align-left\" data-align=\"left\">0,8g<\/td>\n<\/tr>\n<tr>\n<td class=\"has-text-align-left\" data-align=\"left\">salzen<\/td>\n<td class=\"has-text-align-left\" data-align=\"left\">0,1g<\/td>\n<\/tr>\n<\/tbody>\n<\/table>\n<\/figure>\n<\/div>\n<p class=\"vc_custom_heading vc_do_custom_heading\">*NRV = N\u00e4hrstoffreferenzwert nach Verordnung (EU) Nr. 1169\/2011<\/p>\n<p class=\"vc_custom_heading vc_do_custom_heading\">Zutaten: Wasser, Ingwersaft (251 tp3t), Zitronensaft (201 tp3t), Honig (171 tp3t), Vitamin C (Ascorbins\u00e4ure, Acerola-Extrakt), Zink (Zink Gluconat).<\/p>\n<\/div>\n<\/div>\n<\/div>\n<\/div>","protected":false},"excerpt":{"rendered":"<p><strong>Immun-Booster mit erfrischender Zitrone, Ingwer, Honiggeschmack mit Zink (100%*) und Vitamin C (200%*). Effektive Kombination f\u00fcr antioxidative und entz\u00fcndungshemmende Wirkung.<\/strong><\/p>","protected":false},"featured_media":1798,"comment_status":"closed","ping_status":"closed","template":"","meta":[],"product_brand":[60],"product_cat":[59],"product_tag":[],"class_list":{"0":"post-1797","1":"product","2":"type-product","3":"status-publish","4":"has-post-thumbnail","6":"product_brand-feeju-shots","7":"product_cat-feeju-shots","9":"first","10":"instock","11":"shipping-taxable","12":"product-type-simple"},"_links":{"self":[{"href":"https:\/\/coffee-horeca-solutions.com\/de\/wp-json\/wp\/v2\/product\/1797","targetHints":{"allow":["GET"]}}],"collection":[{"href":"https:\/\/coffee-horeca-solutions.com\/de\/wp-json\/wp\/v2\/product"}],"about":[{"href":"https:\/\/coffee-horeca-solutions.com\/de\/wp-json\/wp\/v2\/types\/product"}],"replies":[{"embeddable":true,"href":"https:\/\/coffee-horeca-solutions.com\/de\/wp-json\/wp\/v2\/comments?post=1797"}],"wp:featuredmedia":[{"embeddable":true,"href":"https:\/\/coffee-horeca-solutions.com\/de\/wp-json\/wp\/v2\/media\/1798"}],"wp:attachment":[{"href":"https:\/\/coffee-horeca-solutions.com\/de\/wp-json\/wp\/v2\/media?parent=1797"}],"wp:term":[{"taxonomy":"product_brand","embeddable":true,"href":"https:\/\/coffee-horeca-solutions.com\/de\/wp-json\/wp\/v2\/product_brand?post=1797"},{"taxonomy":"product_cat","embeddable":true,"href":"https:\/\/coffee-horeca-solutions.com\/de\/wp-json\/wp\/v2\/product_cat?post=1797"},{"taxonomy":"product_tag","embeddable":true,"href":"https:\/\/coffee-horeca-solutions.com\/de\/wp-json\/wp\/v2\/product_tag?post=1797"}],"curies":[{"name":"WP","href":"https:\/\/api.w.org\/{rel}","templated":true}]}}