{"id":1801,"date":"2026-02-25T21:48:28","date_gmt":"2026-02-25T21:48:28","guid":{"rendered":"https:\/\/coffee-horeca-solutions.com\/?post_type=product&#038;p=1801"},"modified":"2026-02-25T21:59:32","modified_gmt":"2026-02-25T21:59:32","slug":"chili-shot-vit-b12-c-mango-chili-limette","status":"publish","type":"product","link":"https:\/\/coffee-horeca-solutions.com\/de\/produkt\/chili-shot-vit-b12-c-mango-chili-limette\/","title":{"rendered":"Chili-Schuss \u2013 Vit. B12 &amp; C Mango Chili Lime"},"content":{"rendered":"<div class=\"grve-tabs-title grve-align-left grve-width-md\">\n<div class=\"grve-tab-title grve-tab-link active grve-icon-position-left\" data-rel=\"#1740406747712-c473e4c3-76ac\">\n<div class=\"grve-tab-title-inner\">\n<h3 class=\"grve-title grve-h6\">Nat\u00fcrlicher Schub:<\/h3>\n<\/div>\n<\/div>\n<div class=\"grve-tab-title grve-tab-link grve-icon-position-left\" data-rel=\"#1740406747735-d96e02b3-4d2a\">\n<div class=\"grve-tab-title-inner\">Chili enth\u00e4lt Capsaicin, das den Stoffwechsel und den Kalorienverbrauch erh\u00f6ht und einen nat\u00fcrlichen Energieauftrieb verleiht.<\/div>\n<\/div>\n<div class=\"grve-tab-title grve-tab-link grve-icon-position-left\" data-rel=\"#1740406787680-5add2614-17e4\">\n<div class=\"grve-tab-title-inner\">\n<p>&nbsp;<\/p>\n<div class=\"grve-element grve-text\">\n<figure class=\"wp-block-table is-style-regular\">\n<table class=\"has-fixed-layout\">\n<thead>\n<tr>\n<th class=\"has-text-align-left\" data-align=\"left\">N\u00e4hrwertdeklaration<\/th>\n<th class=\"has-text-align-left\" data-align=\"left\">100ml<\/th>\n<\/tr>\n<\/thead>\n<tbody>\n<tr>\n<td class=\"has-text-align-left\" data-align=\"left\">Kraft<\/td>\n<td class=\"has-text-align-left\" data-align=\"left\">42kJ \/ 177kcal<\/td>\n<\/tr>\n<tr>\n<td class=\"has-text-align-left\" data-align=\"left\">fett<\/td>\n<td class=\"has-text-align-left\" data-align=\"left\">0,0g<\/td>\n<\/tr>\n<tr>\n<td class=\"has-text-align-left\" data-align=\"left\">davon ges\u00e4ttigt<\/td>\n<td class=\"has-text-align-left\" data-align=\"left\">0,0g<\/td>\n<\/tr>\n<tr>\n<td class=\"has-text-align-left\" data-align=\"left\">Kohlenhydrate<\/td>\n<td class=\"has-text-align-left\" data-align=\"left\">9,9 g<\/td>\n<\/tr>\n<tr>\n<td class=\"has-text-align-left\" data-align=\"left\">davon Zucker<\/td>\n<td class=\"has-text-align-left\" data-align=\"left\">9,6 g<\/td>\n<\/tr>\n<tr>\n<td class=\"has-text-align-left\" data-align=\"left\">Vitamin C<\/td>\n<td class=\"has-text-align-left\" data-align=\"left\">133mg\/166%*<\/td>\n<\/tr>\n<tr>\n<td class=\"has-text-align-left\" data-align=\"left\">Vitamin B12<\/td>\n<td class=\"has-text-align-left\" data-align=\"left\">4,1 \u03bcg\/1661 tp3t*<\/td>\n<\/tr>\n<tr>\n<td class=\"has-text-align-left\" data-align=\"left\">Proteine<\/td>\n<td class=\"has-text-align-left\" data-align=\"left\">0,5g<\/td>\n<\/tr>\n<tr>\n<td class=\"has-text-align-left\" data-align=\"left\">salzen<\/td>\n<td class=\"has-text-align-left\" data-align=\"left\">0,1g<\/td>\n<\/tr>\n<\/tbody>\n<\/table>\n<\/figure>\n<\/div>\n<p class=\"vc_custom_heading vc_do_custom_heading\">*NRV = N\u00e4hrstoffreferenzwert nach Verordnung (EU) Nr. 1169\/2011<\/p>\n<p class=\"vc_custom_heading vc_do_custom_heading\">Zutaten: Wasser, Fruchtsaft &amp; P\u00fcree aus konzentriertem Fruchtsaft &amp; P\u00fcree (Traubensaft 44.6%, Mangop\u00fcree 17.5%), Limettensaft (11.7%), Ingwersaft (7.5%), Vitamin C (Ascorbins\u00e4ure, Acerola-Extrakt), Chili-Extrakt, Vitamin B12, nat\u00fcrliche Aromen.<\/p>\n<h6 class=\"grve-title grve-h6\"><span style=\"font-size: 16px;\">\u00a0<\/span><\/h6>\n<\/div>\n<\/div>\n<\/div>","protected":false},"excerpt":{"rendered":"<p><strong>S\u00fc\u00df, tropisch und leicht w\u00fcrzig, dieser Mango-Kalk-Chili-Schuss liefert 1001 tp3t NRV * von Vitamin B12 und C f\u00fcr eine optimale Absorption. Es unterst\u00fctzt die Energieerzeugung und ein gesundes Nervensystem.<\/strong><\/p>","protected":false},"featured_media":1802,"comment_status":"closed","ping_status":"closed","template":"","meta":[],"product_brand":[60],"product_cat":[59],"product_tag":[],"class_list":{"0":"post-1801","1":"product","2":"type-product","3":"status-publish","4":"has-post-thumbnail","6":"product_brand-feeju-shots","7":"product_cat-feeju-shots","9":"first","10":"instock","11":"shipping-taxable","12":"product-type-simple"},"_links":{"self":[{"href":"https:\/\/coffee-horeca-solutions.com\/de\/wp-json\/wp\/v2\/product\/1801","targetHints":{"allow":["GET"]}}],"collection":[{"href":"https:\/\/coffee-horeca-solutions.com\/de\/wp-json\/wp\/v2\/product"}],"about":[{"href":"https:\/\/coffee-horeca-solutions.com\/de\/wp-json\/wp\/v2\/types\/product"}],"replies":[{"embeddable":true,"href":"https:\/\/coffee-horeca-solutions.com\/de\/wp-json\/wp\/v2\/comments?post=1801"}],"wp:featuredmedia":[{"embeddable":true,"href":"https:\/\/coffee-horeca-solutions.com\/de\/wp-json\/wp\/v2\/media\/1802"}],"wp:attachment":[{"href":"https:\/\/coffee-horeca-solutions.com\/de\/wp-json\/wp\/v2\/media?parent=1801"}],"wp:term":[{"taxonomy":"product_brand","embeddable":true,"href":"https:\/\/coffee-horeca-solutions.com\/de\/wp-json\/wp\/v2\/product_brand?post=1801"},{"taxonomy":"product_cat","embeddable":true,"href":"https:\/\/coffee-horeca-solutions.com\/de\/wp-json\/wp\/v2\/product_cat?post=1801"},{"taxonomy":"product_tag","embeddable":true,"href":"https:\/\/coffee-horeca-solutions.com\/de\/wp-json\/wp\/v2\/product_tag?post=1801"}],"curies":[{"name":"WP","href":"https:\/\/api.w.org\/{rel}","templated":true}]}}