{"id":1838,"date":"2026-03-31T19:28:33","date_gmt":"2026-03-31T19:28:33","guid":{"rendered":"https:\/\/coffee-horeca-solutions.com\/?post_type=product&#038;p=1838"},"modified":"2026-03-31T19:29:10","modified_gmt":"2026-03-31T19:29:10","slug":"distillo-ernte","status":"publish","type":"product","link":"https:\/\/coffee-horeca-solutions.com\/de\/produkt\/distillo-ernte\/","title":{"rendered":"Distillo-Ernte"},"content":{"rendered":"<section id=\"products\" class=\"roasters-section products pb-240\" data-section=\"roasters\">\n<div class=\"products-affix fixed\">\n<div class=\"product-item product-item2\">\n<div class=\"product-info\">\n<div class=\"product-description\">\n<div class=\"product-description-text\">Distillos Reise <span class=\"outline\">aus<\/span> Same\u00a0<span class=\"outline\">auf<\/span> Tasse-<\/div>\n<\/div>\n<\/div>\n<\/div>\n<\/div>\n<\/section>\n<section data-section=\"journey\">\n<section class=\"journey-section\">\n<div class=\"journey-scroller-container\">\n<div class=\"journey-scroller-banner\">\n<div class=\"journey-scroller journey-scroller-1 f-72-mobile f-240 f-228-desktop\">\n<div class=\"line\">\n<div class=\"quality-coffee-head\">\n<div class=\"line\">\n<ul>\n<li class=\"reveal-line\">Jeder Schritt in der Produktion<\/li>\n<li class=\"reveal-line\">Der Prozess soll ein Ziel erreichen:<\/li>\n<li class=\"reveal-line\">Qualit\u00e4tskaffee<\/li>\n<li class=\"reveal-line\">Jedes Mal in einer Tasse<\/li>\n<\/ul>\n<\/div>\n<\/div>\n<\/div>\n<\/div>\n<\/div>\n<\/div>\n<\/section>\n<\/section>","protected":false},"excerpt":{"rendered":"<div id=\"page\" class=\"page\">\n<div id=\"page-content\">\n<section id=\"products\" class=\"roasters-section products pb-240\" data-section=\"roasters\">\n<div class=\"products-affix fixed\">\n<div class=\"product-item product-item2\">\n<div class=\"product-info\">\n<div class=\"product-description\">\n<div class=\"product-description-title f-20-mobile\">\n<p>100% Arabica<\/p>\n<section id=\"products\" class=\"roasters-section products pb-240\" data-section=\"roasters\">\n<div class=\"products-affix fixed\">\n<div class=\"product-item product-item2\">\n<div class=\"product-info\">\n<div class=\"product-description\">\n<div class=\"product-description-info\">Ganze BohnenMittelbraten1kg netto WT<\/div>\n<\/div>\n<\/div>\n<\/div>\n<\/div>\n<\/section>\n<p>Ausgezeichnete 100% Arabica-Sorten aus Mittel- und S\u00fcdamerika, Indien. Starker Geschmack, robuster K\u00f6rper mit Ankl\u00e4ngen von Bitterschokolade und N\u00fcssen.<\/p>\n<\/div>\n<\/div>\n<\/div>\n<\/div>\n<\/div>\n<\/section>\n<\/div>\n<\/div>","protected":false},"featured_media":1828,"comment_status":"closed","ping_status":"closed","template":"","meta":[],"product_brand":[],"product_cat":[61],"product_tag":[],"class_list":{"0":"post-1838","1":"product","2":"type-product","3":"status-publish","4":"has-post-thumbnail","6":"product_cat-distillo","8":"first","9":"instock","10":"shipping-taxable","11":"product-type-simple"},"_links":{"self":[{"href":"https:\/\/coffee-horeca-solutions.com\/de\/wp-json\/wp\/v2\/product\/1838","targetHints":{"allow":["GET"]}}],"collection":[{"href":"https:\/\/coffee-horeca-solutions.com\/de\/wp-json\/wp\/v2\/product"}],"about":[{"href":"https:\/\/coffee-horeca-solutions.com\/de\/wp-json\/wp\/v2\/types\/product"}],"replies":[{"embeddable":true,"href":"https:\/\/coffee-horeca-solutions.com\/de\/wp-json\/wp\/v2\/comments?post=1838"}],"wp:featuredmedia":[{"embeddable":true,"href":"https:\/\/coffee-horeca-solutions.com\/de\/wp-json\/wp\/v2\/media\/1828"}],"wp:attachment":[{"href":"https:\/\/coffee-horeca-solutions.com\/de\/wp-json\/wp\/v2\/media?parent=1838"}],"wp:term":[{"taxonomy":"product_brand","embeddable":true,"href":"https:\/\/coffee-horeca-solutions.com\/de\/wp-json\/wp\/v2\/product_brand?post=1838"},{"taxonomy":"product_cat","embeddable":true,"href":"https:\/\/coffee-horeca-solutions.com\/de\/wp-json\/wp\/v2\/product_cat?post=1838"},{"taxonomy":"product_tag","embeddable":true,"href":"https:\/\/coffee-horeca-solutions.com\/de\/wp-json\/wp\/v2\/product_tag?post=1838"}],"curies":[{"name":"WP","href":"https:\/\/api.w.org\/{rel}","templated":true}]}}