{"id":520,"date":"2026-01-08T04:51:31","date_gmt":"2026-01-08T04:51:31","guid":{"rendered":"https:\/\/coffee-horeca-solutions.com\/?post_type=product&#038;p=520"},"modified":"2026-01-14T19:04:05","modified_gmt":"2026-01-14T19:04:05","slug":"kolumbien-huila-bio","status":"publish","type":"product","link":"https:\/\/coffee-horeca-solutions.com\/de\/produkt\/kolumbien-huila-bio\/","title":{"rendered":"Kolumbien Huila \u2013 BIO"},"content":{"rendered":"<p class=\"product-main-text product-desc\"><strong>Ursprung<\/strong>: Kolumbien<\/p>\n<p class=\"product-main-text product-desc\"><strong>Bereich:\u00a0<\/strong>Huila<\/p>\n<p class=\"product-main-text product-desc\"><strong>Produkteigenschaften<\/strong>: Schokolade, brauner Zucker, Aprikose, Rosinen. Ganzk\u00f6rper, s\u00fc\u00dfer Nachgeschmack.<\/p>\n<p class=\"product-main-text product-desc\"><strong>H\u00f6he<\/strong>: 1300-2100 M.A.S.L.<\/p>\n<p class=\"product-main-text product-desc\"><strong>Sorte<\/strong>: Castillo, Caturra, Kolumbien<\/p>\n<p class=\"product-main-text product-desc\"><strong>verfahren<\/strong>: Nat\u00fcrliche und gewaschene Verarbeitung<\/p>\n<p class=\"product-main-text product-desc\"><strong>Beurkundung<\/strong>: organisch<\/p>\n<p class=\"product-main-text product-desc\"><strong>Empfohlene Braumethode<\/strong>: Espresso und Filter<\/p>","protected":false},"excerpt":{"rendered":"<p>Einzigartiger Ursprung | 250gr<\/p>","protected":false},"featured_media":521,"comment_status":"open","ping_status":"closed","template":"","meta":[],"product_brand":[40],"product_cat":[42],"product_tag":[],"class_list":{"0":"post-520","1":"product","2":"type-product","3":"status-publish","4":"has-post-thumbnail","6":"product_brand-home-blend","7":"product_cat-single-origin","9":"first","10":"instock","11":"shipping-taxable","12":"purchasable","13":"product-type-simple"},"_links":{"self":[{"href":"https:\/\/coffee-horeca-solutions.com\/de\/wp-json\/wp\/v2\/product\/520","targetHints":{"allow":["GET"]}}],"collection":[{"href":"https:\/\/coffee-horeca-solutions.com\/de\/wp-json\/wp\/v2\/product"}],"about":[{"href":"https:\/\/coffee-horeca-solutions.com\/de\/wp-json\/wp\/v2\/types\/product"}],"replies":[{"embeddable":true,"href":"https:\/\/coffee-horeca-solutions.com\/de\/wp-json\/wp\/v2\/comments?post=520"}],"wp:featuredmedia":[{"embeddable":true,"href":"https:\/\/coffee-horeca-solutions.com\/de\/wp-json\/wp\/v2\/media\/521"}],"wp:attachment":[{"href":"https:\/\/coffee-horeca-solutions.com\/de\/wp-json\/wp\/v2\/media?parent=520"}],"wp:term":[{"taxonomy":"product_brand","embeddable":true,"href":"https:\/\/coffee-horeca-solutions.com\/de\/wp-json\/wp\/v2\/product_brand?post=520"},{"taxonomy":"product_cat","embeddable":true,"href":"https:\/\/coffee-horeca-solutions.com\/de\/wp-json\/wp\/v2\/product_cat?post=520"},{"taxonomy":"product_tag","embeddable":true,"href":"https:\/\/coffee-horeca-solutions.com\/de\/wp-json\/wp\/v2\/product_tag?post=520"}],"curies":[{"name":"WP","href":"https:\/\/api.w.org\/{rel}","templated":true}]}}