{"id":540,"date":"2026-01-10T19:22:11","date_gmt":"2026-01-10T19:22:11","guid":{"rendered":"https:\/\/coffee-horeca-solutions.com\/?post_type=product&#038;p=540"},"modified":"2026-01-27T18:24:27","modified_gmt":"2026-01-27T18:24:27","slug":"vorliebe","status":"publish","type":"product","link":"https:\/\/coffee-horeca-solutions.com\/de\/produkt\/vorliebe\/","title":{"rendered":"Vorliebe"},"content":{"rendered":"<p>Eine starke Mischung aus feinen Arabica- und Robusta-Sorten aus S\u00fcdamerika und Asien. Enge K\u00f6rper und starker Geschmack, der auff\u00e4llt.<\/p>","protected":false},"excerpt":{"rendered":"<p>Espresso | 500gr<\/p>","protected":false},"featured_media":541,"comment_status":"open","ping_status":"closed","template":"","meta":[],"product_brand":[40],"product_cat":[34,41],"product_tag":[],"class_list":{"0":"post-540","1":"product","2":"type-product","3":"status-publish","4":"has-post-thumbnail","6":"product_brand-home-blend","7":"product_cat-beans","8":"product_cat-blends","10":"first","11":"instock","12":"shipping-taxable","13":"purchasable","14":"product-type-simple"},"_links":{"self":[{"href":"https:\/\/coffee-horeca-solutions.com\/de\/wp-json\/wp\/v2\/product\/540","targetHints":{"allow":["GET"]}}],"collection":[{"href":"https:\/\/coffee-horeca-solutions.com\/de\/wp-json\/wp\/v2\/product"}],"about":[{"href":"https:\/\/coffee-horeca-solutions.com\/de\/wp-json\/wp\/v2\/types\/product"}],"replies":[{"embeddable":true,"href":"https:\/\/coffee-horeca-solutions.com\/de\/wp-json\/wp\/v2\/comments?post=540"}],"wp:featuredmedia":[{"embeddable":true,"href":"https:\/\/coffee-horeca-solutions.com\/de\/wp-json\/wp\/v2\/media\/541"}],"wp:attachment":[{"href":"https:\/\/coffee-horeca-solutions.com\/de\/wp-json\/wp\/v2\/media?parent=540"}],"wp:term":[{"taxonomy":"product_brand","embeddable":true,"href":"https:\/\/coffee-horeca-solutions.com\/de\/wp-json\/wp\/v2\/product_brand?post=540"},{"taxonomy":"product_cat","embeddable":true,"href":"https:\/\/coffee-horeca-solutions.com\/de\/wp-json\/wp\/v2\/product_cat?post=540"},{"taxonomy":"product_tag","embeddable":true,"href":"https:\/\/coffee-horeca-solutions.com\/de\/wp-json\/wp\/v2\/product_tag?post=540"}],"curies":[{"name":"WP","href":"https:\/\/api.w.org\/{rel}","templated":true}]}}