{"id":661,"date":"2026-01-12T14:53:23","date_gmt":"2026-01-12T14:53:23","guid":{"rendered":"https:\/\/coffee-horeca-solutions.com\/?post_type=product&#038;p=661"},"modified":"2026-01-14T18:59:35","modified_gmt":"2026-01-14T18:59:35","slug":"brasilien-sul-de-minas","status":"publish","type":"product","link":"https:\/\/coffee-horeca-solutions.com\/de\/produkt\/brasilien-sul-de-minas\/","title":{"rendered":"Brasilien \u2013 S\u00fcdliches Minas Gerais"},"content":{"rendered":"<p><strong>Ursprung<\/strong>: Brasilien \u2013 Sul de Minas<br \/>\n<strong>Charakteristik<\/strong>: S\u00fc\u00df mit Noten von Milchschokolade, Vanille und roten Fr\u00fcchten. Cremiges Gef\u00fchl und anhaltender Nachgeschmack.<br \/>\n<strong>Quellh\u00f6he<\/strong>: 1150 -1250 M.A.S.L.<br \/>\n<strong>Verarbeitung<\/strong>: nat\u00fcrlich<br \/>\n<strong>Bereich<\/strong>: sul de minas<br \/>\n<strong>Vielfalt<\/strong>: rote &amp; gelbe Catuais<br \/>\n<strong>Empfohlene Vorbereitungsmethode<\/strong>: Espresso und Filter<\/p>","protected":false},"excerpt":{"rendered":"<p>Einzigartiger Ursprung | 250gr<\/p>","protected":false},"featured_media":664,"comment_status":"open","ping_status":"closed","template":"","meta":[],"product_brand":[40],"product_cat":[42],"product_tag":[],"class_list":{"0":"post-661","1":"product","2":"type-product","3":"status-publish","4":"has-post-thumbnail","6":"product_brand-home-blend","7":"product_cat-single-origin","9":"first","10":"instock","11":"shipping-taxable","12":"purchasable","13":"product-type-simple"},"_links":{"self":[{"href":"https:\/\/coffee-horeca-solutions.com\/de\/wp-json\/wp\/v2\/product\/661","targetHints":{"allow":["GET"]}}],"collection":[{"href":"https:\/\/coffee-horeca-solutions.com\/de\/wp-json\/wp\/v2\/product"}],"about":[{"href":"https:\/\/coffee-horeca-solutions.com\/de\/wp-json\/wp\/v2\/types\/product"}],"replies":[{"embeddable":true,"href":"https:\/\/coffee-horeca-solutions.com\/de\/wp-json\/wp\/v2\/comments?post=661"}],"wp:featuredmedia":[{"embeddable":true,"href":"https:\/\/coffee-horeca-solutions.com\/de\/wp-json\/wp\/v2\/media\/664"}],"wp:attachment":[{"href":"https:\/\/coffee-horeca-solutions.com\/de\/wp-json\/wp\/v2\/media?parent=661"}],"wp:term":[{"taxonomy":"product_brand","embeddable":true,"href":"https:\/\/coffee-horeca-solutions.com\/de\/wp-json\/wp\/v2\/product_brand?post=661"},{"taxonomy":"product_cat","embeddable":true,"href":"https:\/\/coffee-horeca-solutions.com\/de\/wp-json\/wp\/v2\/product_cat?post=661"},{"taxonomy":"product_tag","embeddable":true,"href":"https:\/\/coffee-horeca-solutions.com\/de\/wp-json\/wp\/v2\/product_tag?post=661"}],"curies":[{"name":"WP","href":"https:\/\/api.w.org\/{rel}","templated":true}]}}