{"id":882,"date":"2026-01-13T14:18:21","date_gmt":"2026-01-13T14:18:21","guid":{"rendered":"https:\/\/coffee-horeca-solutions.com\/product\/siena\/"},"modified":"2026-01-26T18:09:45","modified_gmt":"2026-01-26T18:09:45","slug":"siena","status":"publish","type":"product","link":"https:\/\/coffee-horeca-solutions.com\/de\/produkt\/siena\/","title":{"rendered":"SIENA"},"content":{"rendered":"<p>Eine traditionelle Espresso-Mischung in einer 1-kg-Packung, die f\u00fcr ihren glatten Charakter und ihre Zuverl\u00e4ssigkeit gesch\u00e4tzt wird.<\/p>","protected":false},"excerpt":{"rendered":"<p>Espresso | 1kg<\/p>","protected":false},"featured_media":886,"comment_status":"open","ping_status":"closed","template":"","meta":[],"product_brand":[40],"product_cat":[38],"product_tag":[],"class_list":{"0":"post-882","1":"product","2":"type-product","3":"status-publish","4":"has-post-thumbnail","6":"product_brand-home-blend","7":"product_cat-dimello-beans-main","9":"first","10":"instock","11":"shipping-taxable","12":"purchasable","13":"product-type-simple"},"_links":{"self":[{"href":"https:\/\/coffee-horeca-solutions.com\/de\/wp-json\/wp\/v2\/product\/882","targetHints":{"allow":["GET"]}}],"collection":[{"href":"https:\/\/coffee-horeca-solutions.com\/de\/wp-json\/wp\/v2\/product"}],"about":[{"href":"https:\/\/coffee-horeca-solutions.com\/de\/wp-json\/wp\/v2\/types\/product"}],"replies":[{"embeddable":true,"href":"https:\/\/coffee-horeca-solutions.com\/de\/wp-json\/wp\/v2\/comments?post=882"}],"wp:featuredmedia":[{"embeddable":true,"href":"https:\/\/coffee-horeca-solutions.com\/de\/wp-json\/wp\/v2\/media\/886"}],"wp:attachment":[{"href":"https:\/\/coffee-horeca-solutions.com\/de\/wp-json\/wp\/v2\/media?parent=882"}],"wp:term":[{"taxonomy":"product_brand","embeddable":true,"href":"https:\/\/coffee-horeca-solutions.com\/de\/wp-json\/wp\/v2\/product_brand?post=882"},{"taxonomy":"product_cat","embeddable":true,"href":"https:\/\/coffee-horeca-solutions.com\/de\/wp-json\/wp\/v2\/product_cat?post=882"},{"taxonomy":"product_tag","embeddable":true,"href":"https:\/\/coffee-horeca-solutions.com\/de\/wp-json\/wp\/v2\/product_tag?post=882"}],"curies":[{"name":"WP","href":"https:\/\/api.w.org\/{rel}","templated":true}]}}